{"id":319,"date":"2015-02-24T22:06:52","date_gmt":"2015-02-24T22:06:52","guid":{"rendered":"https:\/\/cirquealfonse.com\/historique-2\/"},"modified":"2015-03-05T04:27:17","modified_gmt":"2015-03-05T04:27:17","slug":"history","status":"publish","type":"page","link":"https:\/\/cirquealfonse.com\/en\/history\/","title":{"rendered":"History"},"content":{"rendered":"<span class='tdp_dropcap ' style=''>C<\/span>irque Alfonse is a young circus company from Saint-Alphonse-Rodriguez in the province of Quebec, established in 2005. Its founding members have all worked with some of the most renowned \u201cnouveau cirque\u201d companies around the world. This young company is comprised of a team of professional acrobats graduated from the \u00c9cole nationale de cirque de Montr\u00e9al, as well as a professional dancer, an ex-skiing champion and three talented and versatile musicians. This brave and creative group of young performers is blazing a creative path that no one has yet dared to explore, blending the arts and techniques of the circus and infusing them with the most picturesque facets of traditional Quebec folklore.<\/p>\n<p>The story starts in 2005 when the Cirque Alfonse project is created and first takes shape. In 2006, the company launches its first show La Brunante. The show is of short duration but it serves as a very successful first experience. It will later become the foundation for Timber ! After La Brunante, the members of the company each pursue their own solo careers with Montreal\u2019s Les 7 doigts de la main, the Cirque du Soleil, Cirkus Cirk\u00f6r of Sweden, the Cirque Starlight of Switzerland and the Montreal dance company Bouge de l\u00e0, before starting work in 2010 on their second creative project, a show called Timber! And in 2012 on a show called BARBU foire electro trad.<\/p>\n","protected":false},"excerpt":{"rendered":"<p>irque Alfonse is a young circus company from Saint-Alphonse-Rodriguez in the province of Quebec, established in 2005. Its founding members have all worked with some of the most renowned \u201cnouveau <a href=\"https:\/\/cirquealfonse.com\/en\/history\/\" class=\"more-link\">[&hellip;]<\/a><\/p>\n","protected":false},"author":1,"featured_media":2450,"parent":0,"menu_order":0,"comment_status":"closed","ping_status":"closed","template":"","meta":{"_monsterinsights_skip_tracking":false,"_monsterinsights_sitenote_active":false,"_monsterinsights_sitenote_note":"","_monsterinsights_sitenote_category":0,"footnotes":""},"yoast_head":"<!-- This site is optimized with the Yoast SEO plugin v21.5 - https:\/\/yoast.com\/wordpress\/plugins\/seo\/ -->\n<title>History | Cirque Alfonse<\/title>\n<meta name=\"description\" content=\"Le Cirque Alfonse est n\u00e9 en 2005 dans la r\u00e9gion de Lanaudi\u00e8re au Qu\u00e9bec par la famille Carabinier-L\u00e9pine et leurs amis proches.\" \/>\n<meta name=\"robots\" content=\"index, follow, max-snippet:-1, max-image-preview:large, max-video-preview:-1\" \/>\n<link rel=\"canonical\" href=\"https:\/\/cirquealfonse.com\/en\/history\/\" \/>\n<meta property=\"og:locale\" content=\"en_US\" \/>\n<meta property=\"og:type\" content=\"article\" \/>\n<meta property=\"og:title\" content=\"History | Cirque Alfonse\" \/>\n<meta property=\"og:description\" content=\"Le Cirque Alfonse est n\u00e9 en 2005 dans la r\u00e9gion de Lanaudi\u00e8re au Qu\u00e9bec par la famille Carabinier-L\u00e9pine et leurs amis proches.\" \/>\n<meta property=\"og:url\" content=\"https:\/\/cirquealfonse.com\/en\/history\/\" \/>\n<meta property=\"og:site_name\" content=\"Cirque Alfonse\" \/>\n<meta property=\"article:publisher\" content=\"https:\/\/www.facebook.com\/cirque.alfonse\" \/>\n<meta property=\"article:modified_time\" content=\"2015-03-05T04:27:17+00:00\" \/>\n<meta property=\"og:image\" content=\"https:\/\/cirquealfonse.com\/wp-content\/uploads\/2015\/02\/famille-cirque-alfonse.jpg\" \/>\n\t<meta property=\"og:image:width\" content=\"1024\" \/>\n\t<meta property=\"og:image:height\" content=\"576\" \/>\n\t<meta property=\"og:image:type\" content=\"image\/jpeg\" \/>\n<meta name=\"twitter:card\" content=\"summary_large_image\" \/>\n<meta name=\"twitter:site\" content=\"@cirquealfonse\" \/>\n<meta name=\"twitter:label1\" content=\"Est. reading time\" \/>\n\t<meta name=\"twitter:data1\" content=\"1 minute\" \/>\n<script type=\"application\/ld+json\" class=\"yoast-schema-graph\">{\"@context\":\"https:\/\/schema.org\",\"@graph\":[{\"@type\":\"WebPage\",\"@id\":\"https:\/\/cirquealfonse.com\/en\/history\/\",\"url\":\"https:\/\/cirquealfonse.com\/en\/history\/\",\"name\":\"History | Cirque Alfonse\",\"isPartOf\":{\"@id\":\"https:\/\/cirquealfonse.com\/en\/#website\"},\"datePublished\":\"2015-02-24T22:06:52+00:00\",\"dateModified\":\"2015-03-05T04:27:17+00:00\",\"description\":\"Le Cirque Alfonse est n\u00e9 en 2005 dans la r\u00e9gion de Lanaudi\u00e8re au Qu\u00e9bec par la famille Carabinier-L\u00e9pine et leurs amis proches.\",\"breadcrumb\":{\"@id\":\"https:\/\/cirquealfonse.com\/en\/history\/#breadcrumb\"},\"inLanguage\":\"en-CA\",\"potentialAction\":[{\"@type\":\"ReadAction\",\"target\":[\"https:\/\/cirquealfonse.com\/en\/history\/\"]}]},{\"@type\":\"BreadcrumbList\",\"@id\":\"https:\/\/cirquealfonse.com\/en\/history\/#breadcrumb\",\"itemListElement\":[{\"@type\":\"ListItem\",\"position\":1,\"name\":\"Accueil\",\"item\":\"https:\/\/cirquealfonse.com\/en\/\"},{\"@type\":\"ListItem\",\"position\":2,\"name\":\"History\"}]},{\"@type\":\"WebSite\",\"@id\":\"https:\/\/cirquealfonse.com\/en\/#website\",\"url\":\"https:\/\/cirquealfonse.com\/en\/\",\"name\":\"Cirque Alfonse\",\"description\":\"Just another WordPress site\",\"potentialAction\":[{\"@type\":\"SearchAction\",\"target\":{\"@type\":\"EntryPoint\",\"urlTemplate\":\"https:\/\/cirquealfonse.com\/en\/?s={search_term_string}\"},\"query-input\":\"required name=search_term_string\"}],\"inLanguage\":\"en-CA\"}]}<\/script>\n<!-- \/ Yoast SEO plugin. -->","yoast_head_json":{"title":"History | Cirque Alfonse","description":"Le Cirque Alfonse est n\u00e9 en 2005 dans la r\u00e9gion de Lanaudi\u00e8re au Qu\u00e9bec par la famille Carabinier-L\u00e9pine et leurs amis proches.","robots":{"index":"index","follow":"follow","max-snippet":"max-snippet:-1","max-image-preview":"max-image-preview:large","max-video-preview":"max-video-preview:-1"},"canonical":"https:\/\/cirquealfonse.com\/en\/history\/","og_locale":"en_US","og_type":"article","og_title":"History | Cirque Alfonse","og_description":"Le Cirque Alfonse est n\u00e9 en 2005 dans la r\u00e9gion de Lanaudi\u00e8re au Qu\u00e9bec par la famille Carabinier-L\u00e9pine et leurs amis proches.","og_url":"https:\/\/cirquealfonse.com\/en\/history\/","og_site_name":"Cirque Alfonse","article_publisher":"https:\/\/www.facebook.com\/cirque.alfonse","article_modified_time":"2015-03-05T04:27:17+00:00","og_image":[{"width":1024,"height":576,"url":"https:\/\/cirquealfonse.com\/wp-content\/uploads\/2015\/02\/famille-cirque-alfonse.jpg","type":"image\/jpeg"}],"twitter_card":"summary_large_image","twitter_site":"@cirquealfonse","twitter_misc":{"Est. reading time":"1 minute"},"schema":{"@context":"https:\/\/schema.org","@graph":[{"@type":"WebPage","@id":"https:\/\/cirquealfonse.com\/en\/history\/","url":"https:\/\/cirquealfonse.com\/en\/history\/","name":"History | Cirque Alfonse","isPartOf":{"@id":"https:\/\/cirquealfonse.com\/en\/#website"},"datePublished":"2015-02-24T22:06:52+00:00","dateModified":"2015-03-05T04:27:17+00:00","description":"Le Cirque Alfonse est n\u00e9 en 2005 dans la r\u00e9gion de Lanaudi\u00e8re au Qu\u00e9bec par la famille Carabinier-L\u00e9pine et leurs amis proches.","breadcrumb":{"@id":"https:\/\/cirquealfonse.com\/en\/history\/#breadcrumb"},"inLanguage":"en-CA","potentialAction":[{"@type":"ReadAction","target":["https:\/\/cirquealfonse.com\/en\/history\/"]}]},{"@type":"BreadcrumbList","@id":"https:\/\/cirquealfonse.com\/en\/history\/#breadcrumb","itemListElement":[{"@type":"ListItem","position":1,"name":"Accueil","item":"https:\/\/cirquealfonse.com\/en\/"},{"@type":"ListItem","position":2,"name":"History"}]},{"@type":"WebSite","@id":"https:\/\/cirquealfonse.com\/en\/#website","url":"https:\/\/cirquealfonse.com\/en\/","name":"Cirque Alfonse","description":"Just another WordPress site","potentialAction":[{"@type":"SearchAction","target":{"@type":"EntryPoint","urlTemplate":"https:\/\/cirquealfonse.com\/en\/?s={search_term_string}"},"query-input":"required name=search_term_string"}],"inLanguage":"en-CA"}]}},"_links":{"self":[{"href":"https:\/\/cirquealfonse.com\/en\/wp-json\/wp\/v2\/pages\/319"}],"collection":[{"href":"https:\/\/cirquealfonse.com\/en\/wp-json\/wp\/v2\/pages"}],"about":[{"href":"https:\/\/cirquealfonse.com\/en\/wp-json\/wp\/v2\/types\/page"}],"author":[{"embeddable":true,"href":"https:\/\/cirquealfonse.com\/en\/wp-json\/wp\/v2\/users\/1"}],"replies":[{"embeddable":true,"href":"https:\/\/cirquealfonse.com\/en\/wp-json\/wp\/v2\/comments?post=319"}],"version-history":[{"count":1,"href":"https:\/\/cirquealfonse.com\/en\/wp-json\/wp\/v2\/pages\/319\/revisions"}],"predecessor-version":[{"id":320,"href":"https:\/\/cirquealfonse.com\/en\/wp-json\/wp\/v2\/pages\/319\/revisions\/320"}],"wp:featuredmedia":[{"embeddable":true,"href":"https:\/\/cirquealfonse.com\/en\/wp-json\/wp\/v2\/media\/2450"}],"wp:attachment":[{"href":"https:\/\/cirquealfonse.com\/en\/wp-json\/wp\/v2\/media?parent=319"}],"curies":[{"name":"wp","href":"https:\/\/api.w.org\/{rel}","templated":true}]}}